{"id":5534,"date":"2024-12-23T03:28:40","date_gmt":"2024-12-23T02:28:40","guid":{"rendered":"https:\/\/dev.wave-inc.de\/?page_id=5534"},"modified":"2024-12-23T03:19:43","modified_gmt":"2024-12-23T01:19:43","slug":"das-bochumer-jungenlied","status":"publish","type":"page","link":"https:\/\/dev.wave-inc.de\/?page_id=5534","title":{"rendered":"Das Bochumer Jungenlied"},"content":{"rendered":"<style>.kb-row-layout-id5534_f34640-02 > .kt-row-column-wrap{align-content:start;}:where(.kb-row-layout-id5534_f34640-02 > .kt-row-column-wrap) > .wp-block-kadence-column{justify-content:start;}.kb-row-layout-id5534_f34640-02 > .kt-row-column-wrap{column-gap:var(--global-kb-gap-md, 2rem);row-gap:var(--global-kb-gap-md, 2rem);padding-top:var(--global-kb-spacing-sm, 1.5rem);padding-bottom:var(--global-kb-spacing-sm, 1.5rem);grid-template-columns:minmax(0, 1fr) minmax(0, 2fr);}.kb-row-layout-id5534_f34640-02 > .kt-row-layout-overlay{opacity:0.30;}@media all and (max-width: 1024px){.kb-row-layout-id5534_f34640-02 > .kt-row-column-wrap{grid-template-columns:minmax(0, 1fr) minmax(0, 2fr);}}@media all and (max-width: 767px){.kb-row-layout-id5534_f34640-02 > .kt-row-column-wrap{grid-template-columns:minmax(0, 1fr);}}<\/style><div class=\"kb-row-layout-wrap kb-row-layout-id5534_f34640-02 alignnone wp-block-kadence-rowlayout\"><div class=\"kt-row-column-wrap kt-has-2-columns kt-row-layout-right-golden kt-tab-layout-inherit kt-mobile-layout-row kt-row-valign-top\">\n<style>.kadence-column5534_bcbeba-f7 > .kt-inside-inner-col,.kadence-column5534_bcbeba-f7 > .kt-inside-inner-col:before{border-top-left-radius:0px;border-top-right-radius:0px;border-bottom-right-radius:0px;border-bottom-left-radius:0px;}.kadence-column5534_bcbeba-f7 > .kt-inside-inner-col{column-gap:var(--global-kb-gap-sm, 1rem);}.kadence-column5534_bcbeba-f7 > .kt-inside-inner-col{flex-direction:column;}.kadence-column5534_bcbeba-f7 > .kt-inside-inner-col > .aligncenter{width:100%;}.kadence-column5534_bcbeba-f7 > .kt-inside-inner-col:before{opacity:0.3;}.kadence-column5534_bcbeba-f7{position:relative;}@media all and (max-width: 1024px){.kadence-column5534_bcbeba-f7 > .kt-inside-inner-col{flex-direction:column;justify-content:center;}}@media all and (max-width: 767px){.kadence-column5534_bcbeba-f7 > .kt-inside-inner-col{flex-direction:column;justify-content:center;}}<\/style>\n<div class=\"wp-block-kadence-column kadence-column5534_bcbeba-f7\"><div class=\"kt-inside-inner-col\">\n<h2 class=\"wp-block-heading\">Lied-Text<\/h2>\n\n\n\n<p class=\"has-medium-font-size\">Es kann ja nicht immer so bleiben<br>Hier unter dem wechselnden Mond,<br>Es bl\u00fcht eine Zeit und verwelket,<br>Was mit uns die Erde bewohnt.<\/p>\n\n\n\n<blockquote class=\"wp-block-quote is-layout-flow wp-block-quote-is-layout-flow\">\n<p class=\"has-medium-font-size\"><em>Refrain:<br>Und kommen wir wieder zusammen<br>Auf wechselnder Lebensbahn,<br>sind wir immer noch die Bochumer Jungen,<br>Junge, do kass die drop verloten.<\/em><\/p>\n<\/blockquote>\n\n\n\n<p class=\"has-medium-font-size\">Es haben viel fr\u00f6hliche Menschen<br>Lang vor und gelebt und gelacht,<br>Den Ruhenden unter dem Rasen<br>Sei fr\u00f6hlich der Becher gebracht.<\/p>\n\n\n\n<blockquote class=\"wp-block-quote is-layout-flow wp-block-quote-is-layout-flow\">\n<p class=\"has-medium-font-size\">Refrain&#8230;<\/p>\n<\/blockquote>\n\n\n\n<p class=\"has-medium-font-size\">Es werden viel fr\u00f6hliche Menschen<br>Lang nach uns des Lebens sich freun,<br>Uns Ruhenden unter dem Rasen<br>Den Becher der Fr\u00f6hlichkeit weihn.<\/p>\n\n\n\n<blockquote class=\"wp-block-quote is-layout-flow wp-block-quote-is-layout-flow\">\n<p class=\"has-medium-font-size\"><em>Refrain<\/em>&#8230;<\/p>\n<\/blockquote>\n\n\n\n<p class=\"has-medium-font-size\">Wir sitzen so traulich beisammen<br>Und haben einander so lieb,<br>Erheitern einander das Leben,<br>Ach, wenn es doch immer so blieb.<\/p>\n\n\n\n<blockquote class=\"wp-block-quote is-layout-flow wp-block-quote-is-layout-flow\">\n<p class=\"has-medium-font-size\"><em>Refrain&#8230;<\/em><\/p>\n<\/blockquote>\n\n\n\n<p class=\"has-medium-font-size\">Doch weil es nicht immer so bleibet,<br>So haltet die Freundschaft recht fest.<br>Wer wei\u00df denn, wie bald uns zerstreuet<br>Das Schicksal nach Ost und nach West.<\/p>\n\n\n\n<blockquote class=\"wp-block-quote is-layout-flow wp-block-quote-is-layout-flow\">\n<p class=\"has-medium-font-size\"><em>Refrain&#8230;<\/em><\/p>\n<\/blockquote>\n\n\n\n<p class=\"has-medium-font-size\">Und sind wir auch fern voneinander,<br>So bleiben die Herzen doch nah,<br>Und allen, ja allen wollt&#8217;s freuen,<br>Wenn es einem was Gutes geschah.<\/p>\n\n\n\n<p class=\"has-medium-font-size\">Und kommen wir wieder zusammen<br>Auf wechselnder Lebensbahn,<br>So kn\u00fcpfen ans fr\u00f6hliche Ende<br>Den fr\u00f6hlichen Anfang wir an.<\/p>\n\n\n\n<p><\/p>\n<\/div><\/div>\n\n\n<style>.kadence-column5534_6763d7-f7 > .kt-inside-inner-col,.kadence-column5534_6763d7-f7 > .kt-inside-inner-col:before{border-top-left-radius:0px;border-top-right-radius:0px;border-bottom-right-radius:0px;border-bottom-left-radius:0px;}.kadence-column5534_6763d7-f7 > .kt-inside-inner-col{column-gap:var(--global-kb-gap-sm, 1rem);}.kadence-column5534_6763d7-f7 > .kt-inside-inner-col{flex-direction:column;}.kadence-column5534_6763d7-f7 > .kt-inside-inner-col > .aligncenter{width:100%;}.kadence-column5534_6763d7-f7 > .kt-inside-inner-col:before{opacity:0.3;}.kadence-column5534_6763d7-f7{position:relative;}@media all and (max-width: 1024px){.kadence-column5534_6763d7-f7 > .kt-inside-inner-col{flex-direction:column;justify-content:center;}}@media all and (max-width: 767px){.kadence-column5534_6763d7-f7 > .kt-inside-inner-col{flex-direction:column;justify-content:center;}}<\/style>\n<div class=\"wp-block-kadence-column kadence-column5534_6763d7-f7\"><div class=\"kt-inside-inner-col\"><style>.kb-image5534_99471a-48.kb-image-is-ratio-size, .kb-image5534_99471a-48 .kb-image-is-ratio-size{max-width:549px;width:100%;}.wp-block-kadence-column > .kt-inside-inner-col > .kb-image5534_99471a-48.kb-image-is-ratio-size, .wp-block-kadence-column > .kt-inside-inner-col > .kb-image5534_99471a-48 .kb-image-is-ratio-size{align-self:unset;}.kb-image5534_99471a-48 figure{max-width:549px;}.kb-image5534_99471a-48 .image-is-svg, .kb-image5534_99471a-48 .image-is-svg img{width:100%;}.kb-image5534_99471a-48 .kb-image-has-overlay:after{opacity:0.3;}<\/style>\n<div class=\"wp-block-kadence-image kb-image5534_99471a-48\"><figure class=\"alignright size-medium_large\"><img loading=\"lazy\" decoding=\"async\" width=\"768\" height=\"513\" src=\"https:\/\/dev.wave-inc.de\/wp-content\/uploads\/2024\/12\/571_MAIBOC20230429_-4-768x513.jpg\" alt=\"\" class=\"kb-img wp-image-5454\" srcset=\"https:\/\/dev.wave-inc.de\/wp-content\/uploads\/2024\/12\/571_MAIBOC20230429_-4-768x513.jpg 768w, https:\/\/dev.wave-inc.de\/wp-content\/uploads\/2024\/12\/571_MAIBOC20230429_-4-300x200.jpg 300w, https:\/\/dev.wave-inc.de\/wp-content\/uploads\/2024\/12\/571_MAIBOC20230429_-4-1024x683.jpg 1024w, https:\/\/dev.wave-inc.de\/wp-content\/uploads\/2024\/12\/571_MAIBOC20230429_-4-1536x1025.jpg 1536w, https:\/\/dev.wave-inc.de\/wp-content\/uploads\/2024\/12\/571_MAIBOC20230429_-4-2048x1367.jpg 2048w\" sizes=\"auto, (max-width: 768px) 100vw, 768px\" \/><\/figure><\/div>\n<\/div><\/div>\n\n<\/div><\/div>\n\n<style>.wp-block-kadence-spacer.kt-block-spacer-5534_6c736a-bd .kt-block-spacer{height:60px;}.wp-block-kadence-spacer.kt-block-spacer-5534_6c736a-bd .kt-divider{border-top-width:3px;height:1px;border-top-color:var(--global-palette2, #2B6CB0);width:80%;border-top-style:solid;}<\/style>\n<div class=\"wp-block-kadence-spacer aligncenter kt-block-spacer-5534_6c736a-bd\"><div class=\"kt-block-spacer kt-block-spacer-halign-center\"><hr class=\"kt-divider\"\/><\/div><\/div>\n\n\n\n<p><\/p>\n","protected":false},"excerpt":{"rendered":"<p>Lied-Text Es kann ja nicht immer so bleibenHier unter dem wechselnden Mond,Es bl\u00fcht eine Zeit und verwelket,Was mit uns die Erde bewohnt. Refrain:Und kommen wir wieder zusammenAuf wechselnder Lebensbahn,sind wir&#8230;<\/p>\n","protected":false},"author":2,"featured_media":5447,"parent":0,"menu_order":0,"comment_status":"closed","ping_status":"closed","template":"","meta":{"_kad_post_transparent":"","_kad_post_title":"","_kad_post_layout":"","_kad_post_sidebar_id":"","_kad_post_content_style":"","_kad_post_vertical_padding":"","_kad_post_feature":"","_kad_post_feature_position":"","_kad_post_header":false,"_kad_post_footer":false,"_kad_post_classname":"","footnotes":""},"class_list":["post-5534","page","type-page","status-publish","has-post-thumbnail","hentry"],"_links":{"self":[{"href":"https:\/\/dev.wave-inc.de\/index.php?rest_route=\/wp\/v2\/pages\/5534","targetHints":{"allow":["GET"]}}],"collection":[{"href":"https:\/\/dev.wave-inc.de\/index.php?rest_route=\/wp\/v2\/pages"}],"about":[{"href":"https:\/\/dev.wave-inc.de\/index.php?rest_route=\/wp\/v2\/types\/page"}],"author":[{"embeddable":true,"href":"https:\/\/dev.wave-inc.de\/index.php?rest_route=\/wp\/v2\/users\/2"}],"replies":[{"embeddable":true,"href":"https:\/\/dev.wave-inc.de\/index.php?rest_route=%2Fwp%2Fv2%2Fcomments&post=5534"}],"version-history":[{"count":1,"href":"https:\/\/dev.wave-inc.de\/index.php?rest_route=\/wp\/v2\/pages\/5534\/revisions"}],"predecessor-version":[{"id":5535,"href":"https:\/\/dev.wave-inc.de\/index.php?rest_route=\/wp\/v2\/pages\/5534\/revisions\/5535"}],"wp:featuredmedia":[{"embeddable":true,"href":"https:\/\/dev.wave-inc.de\/index.php?rest_route=\/wp\/v2\/media\/5447"}],"wp:attachment":[{"href":"https:\/\/dev.wave-inc.de\/index.php?rest_route=%2Fwp%2Fv2%2Fmedia&parent=5534"}],"curies":[{"name":"wp","href":"https:\/\/api.w.org\/{rel}","templated":true}]}}